{"id":767,"date":"2021-07-25T10:57:33","date_gmt":"2021-07-25T09:57:33","guid":{"rendered":"https:\/\/aassou.net\/?page_id=767"},"modified":"2021-07-26T16:26:11","modified_gmt":"2021-07-26T15:26:11","slug":"webmarketing-agentur-agadir","status":"publish","type":"page","link":"https:\/\/aassou.net\/de\/webmarketing-agentur-agadir\/","title":{"rendered":"Webmarketing-Agentur Agadir"},"content":{"rendered":"<p>[vc_row row_content_width=&#8220;grid&#8220;][vc_column]<div class=\"assoutf-elements-holder   assoutf-one-column  assoutf-responsive-mode-768 \" ><div class=\"assoutf-eh-item     \"  data-item-class=\"assoutf-eh-custom-2328\">\n\t<div class=\"assoutf-eh-item-inner\">\n\t\t<div class=\"assoutf-eh-item-content assoutf-eh-custom-2328\" style=\"padding: 0px 0px\">\n\t\t\t<div class=\"assoutf-section-title-holder  assoutf-st-standard assoutf-st-title-left assoutf-st-normal-space assoutf-st-disable-title-break\" >\n\t<div class=\"assoutf-st-inner\">\n\t\t\t\t\t<h1 class=\"assoutf-st-title\" >\n\t\t\t\tWarum sollten Sie Ihr<br \/> Webmarketing Aassou anvertrauen?\t\t\t<\/h1>\n\t\t\t\t\t<\/div>\n<\/div>\t\t<\/div>\n\t<\/div>\n<\/div><\/div>[\/vc_column][\/vc_row][vc_row row_content_width=&#8220;grid&#8220;][vc_column width=&#8220;1\/2&#8243;]<div class=\"assoutf-number-with-text-holder \">\n    <span class=\"assoutf-nwt-number\">01<\/span>\n\t<div class=\"assoutf-nwt-text-holder\">\n\t\t\t\t<h5 class=\"assoutf-nwt-title\" >SEO-Agentur mit anerkannter Kompetenz<\/h5>\n\t\t\t\t<p class=\"assoutf-nwt-text\">Wir sind Profis, die eine erstaunliche Expertise in allen Bereichen der Kommunikation haben. Wir k\u00f6nnen Ihnen helfen, Ihre visuelle Identit\u00e4t, Ihr Markenimage zu st\u00e4rken. Wir sind auch Experten f\u00fcr soziale Netzwerke und organische Referenzierung.<\/p>\n\t<\/div>\n<\/div>[vc_empty_space]<div class=\"assoutf-number-with-text-holder \">\n    <span class=\"assoutf-nwt-number\">02<\/span>\n\t<div class=\"assoutf-nwt-text-holder\">\n\t\t\t\t<h5 class=\"assoutf-nwt-title\" >Anerkannte Google Methoden<\/h5>\n\t\t\t\t<p class=\"assoutf-nwt-text\">Bei Aassou gibt es keine dubiosen Praktiken oder Zauberformeln aus dem Nichts. Wir studieren die Updates von Google und die vorgeschlagenen SEO-Best-Practices, um sicherzustellen, dass unsere Kunden Top-Positionen im organischen Bereich erreichen.<\/p>\n\t<\/div>\n<\/div>[vc_empty_space]<div class=\"assoutf-number-with-text-holder \">\n    <span class=\"assoutf-nwt-number\">03<\/span>\n\t<div class=\"assoutf-nwt-text-holder\">\n\t\t\t\t<h5 class=\"assoutf-nwt-title\" >Keine Untervergabe<\/h5>\n\t\t\t\t<p class=\"assoutf-nwt-text\">Alle von Aassou angebotenen SEO-Dienstleistungen werden innerhalb unserer SEO-Agentur in Agadir durchgef\u00fchrt (Content-Optimierung, Linkaufbau).<\/p>\n\t<\/div>\n<\/div>[vc_empty_space][\/vc_column][vc_column width=&#8220;1\/2&#8243;][vc_column_text]<strong>F\u00fcllen Sie einfach das folgende Formular aus. Wir k\u00fcmmern uns um den Rest.<\/strong>[\/vc_column_text][vc_empty_space height=&#8220;35px&#8220;]<div class=\"wpcf7 no-js\" id=\"wpcf7-f432-o1\" lang=\"fr-FR\" dir=\"ltr\">\n<div class=\"screen-reader-response\"><p role=\"status\" aria-live=\"polite\" aria-atomic=\"true\"><\/p> <ul><\/ul><\/div>\n<form action=\"\/de\/wp-json\/wp\/v2\/pages\/767#wpcf7-f432-o1\" method=\"post\" class=\"wpcf7-form init\" aria-label=\"Formulaire de contact\" novalidate=\"novalidate\" data-status=\"init\">\n<div style=\"display: none;\">\n<input type=\"hidden\" name=\"_wpcf7\" value=\"432\" \/>\n<input type=\"hidden\" name=\"_wpcf7_version\" value=\"5.7.2\" \/>\n<input type=\"hidden\" name=\"_wpcf7_locale\" value=\"fr_FR\" \/>\n<input type=\"hidden\" name=\"_wpcf7_unit_tag\" value=\"wpcf7-f432-o1\" \/>\n<input type=\"hidden\" name=\"_wpcf7_container_post\" value=\"0\" \/>\n<input type=\"hidden\" name=\"_wpcf7_posted_data_hash\" value=\"\" \/>\n<\/div>\n<div>\n\t<p><span class=\"wpcf7-form-control-wrap\" data-name=\"your-name\"><input size=\"40\" class=\"wpcf7-form-control wpcf7-text wpcf7-validates-as-required\" aria-required=\"true\" aria-invalid=\"false\" placeholder=\"Ansprechpartner *\" value=\"\" type=\"text\" name=\"your-name\" \/><\/span>\n\t<\/p>\n<\/div>\n<div>\n\t<p><span class=\"wpcf7-form-control-wrap\" data-name=\"your-email\"><input size=\"40\" class=\"wpcf7-form-control wpcf7-text wpcf7-email wpcf7-validates-as-required wpcf7-validates-as-email\" aria-required=\"true\" aria-invalid=\"false\" placeholder=\"E-mail *\" value=\"\" type=\"email\" name=\"your-email\" \/><\/span>\n\t<\/p>\n<\/div>\n<div>\n\t<p>Was ist Ihr Anliegen?\n\t<\/p>\n<\/div>\n<div>\n\t<p><span class=\"wpcf7-form-control-wrap\" data-name=\"conception\"><span class=\"wpcf7-form-control wpcf7-checkbox\"><span class=\"wpcf7-list-item first last\"><input type=\"checkbox\" name=\"conception[]\" value=\"Websites &amp; Portale\" tabindex=\"\" \/><span class=\"wpcf7-list-item-label\">Websites &amp; Portale<\/span><\/span><\/span><\/span>\n\t<\/p>\n<\/div>\n<div>\n\t<p><span class=\"wpcf7-form-control-wrap\" data-name=\"referencement\"><span class=\"wpcf7-form-control wpcf7-checkbox\"><span class=\"wpcf7-list-item first last\"><input type=\"checkbox\" name=\"referencement[]\" value=\"Suchmaschinenoptimierung (SEO)\" tabindex=\"\" \/><span class=\"wpcf7-list-item-label\">Suchmaschinenoptimierung (SEO)<\/span><\/span><\/span><\/span>\n\t<\/p>\n<\/div>\n<div>\n\t<p><span class=\"wpcf7-form-control-wrap\" data-name=\"autres\"><span class=\"wpcf7-form-control wpcf7-checkbox\"><span class=\"wpcf7-list-item first last\"><input type=\"checkbox\" name=\"autres[]\" value=\"Andere\" tabindex=\"\" \/><span class=\"wpcf7-list-item-label\">Andere<\/span><\/span><\/span><\/span>\n\t<\/p>\n<\/div>\n<div class=\"vc_empty_space\" style=\"height: 35px\">\n\t<p><span class=\"vc_empty_space_inner\"><\/span>\n\t<\/p>\n<\/div>\n<div>\n\t<p><span class=\"wpcf7-form-control-wrap\" data-name=\"your-message\"><textarea cols=\"40\" rows=\"1\" class=\"wpcf7-form-control wpcf7-textarea\" aria-invalid=\"false\" placeholder=\"Erz\u00e4hlen Sie uns etwas \u00fcber Ihr Projekt...\" name=\"your-message\"><\/textarea><\/span>\n\t<\/p>\n<\/div>\n<div>\n\t<p><span class=\"wpcf7-form-control-wrap\" data-name=\"privacy\"><span class=\"wpcf7-form-control wpcf7-acceptance\"><span class=\"wpcf7-list-item\"><input type=\"checkbox\" name=\"privacy\" value=\"1\" aria-invalid=\"false\" \/><\/span><\/span><\/span> Ich stimme der <a class=\"dotted-border-bottom\" href=\"\/de\/datenschutzerklaerung\/\" target=\"_blank\"> Datenschutzerkl\u00e4rung <\/a> zu.*\n\t<\/p>\n<\/div>\n<div class=\"vc_empty_space\" style=\"height: 20px\">\n\t<p><span class=\"vc_empty_space_inner\"><\/span>\n\t<\/p>\n<\/div>\n<div>\n\t<p><button class=\"wpcf7-form-control wpcf7-submit assoutf-btn assoutf-btn-medium assoutf-btn-solid\" type=\"submit\"  data-text=\"Senden\"><span class=\"assoutf-btn-text\">Senden<\/span><\/button>\n\t<\/p>\n<\/div><div class=\"wpcf7-response-output\" aria-hidden=\"true\"><\/div><\/form><\/div>\r\n\t\t\t\t<script>\r\n\t\t\t\tif ( typeof huOptions !== 'undefined' ) {\r\n\t\t\t\t\tvar huFormData = {\"source\":\"contactform7\",\"id\":432,\"title\":\"Kontaktieren Sie uns\",\"fields\":{\"subject\":{\"first_name\":\"your-name\",\"email\":\"your-email\"},\"preferences\":{\"terms\":\"your-consent\"}}};\r\n\t\t\t\t\tvar huFormNode = document.querySelector( '[id^=\"wpcf7-f432-\"] form' );\r\n\r\n\t\t\t\t\thuFormData['node'] = huFormNode;\r\n\t\t\t\t\thuOptions['forms'].push( huFormData );\r\n\t\t\t\t}\r\n\t\t\t\t<\/script>[\/vc_column][\/vc_row][vc_row row_content_width=&#8220;grid&#8220; css=&#8220;.vc_custom_1625707515035{padding-top: 30px !important;}&#8220;][vc_column]<div class=\"assoutf-elements-holder   assoutf-one-column  assoutf-responsive-mode-768 \" ><div class=\"assoutf-eh-item     \"  data-item-class=\"assoutf-eh-custom-7584\">\n\t<div class=\"assoutf-eh-item-inner\">\n\t\t<div class=\"assoutf-eh-item-content assoutf-eh-custom-7584\" style=\"padding: 0px 0px\">\n\t\t\t<div class=\"assoutf-section-title-holder  assoutf-st-standard assoutf-st-title-left assoutf-st-normal-space assoutf-st-disable-title-break\" >\n\t<div class=\"assoutf-st-inner\">\n\t\t\t\t\t<h1 class=\"assoutf-st-title\" >\n\t\t\t\tDienstleistungen unserer Webmarketing-Agentur\t\t\t<\/h1>\n\t\t\t\t\t<\/div>\n<\/div>\t\t<\/div>\n\t<\/div>\n<\/div><\/div>[\/vc_column][\/vc_row][vc_row content_placement=&#8220;top&#8220; row_content_width=&#8220;grid&#8220; css=&#8220;.vc_custom_1545926961944{padding-top: 32px !important;padding-bottom: 153px !important;}&#8220;][vc_column]<div class=\"assoutf-elements-holder   assoutf-two-columns  assoutf-responsive-mode-1024 \" ><div class=\"assoutf-eh-item  assoutf-vertical-alignment-top   \"  data-item-class=\"assoutf-eh-custom-2261\" data-1025-1366=\"0px 35px 0px 0px\" data-769-1024=\"0px 0px 30px\" data-681-768=\"0px 0px 30px\" data-680=\"0px 0px 30px\">\n\t<div class=\"assoutf-eh-item-inner\">\n\t\t<div class=\"assoutf-eh-item-content assoutf-eh-custom-2261\" style=\"padding: 0px 50px 0px 0px\">\n\t\t\t[vc_column_text]<\/p>\n<h6>SEO \u2013 Suchmaschinenoptimierung<\/h6>\n<p>[\/vc_column_text][vc_column_text]Mit fortlaufend weiterentwickelten Algorithmen diktieren Suchmaschinen ihre Regeln, und Suchergebnisseiten werden regelm\u00e4\u00dfig kleinen Revolutionen unterzogen, die die bestehende Ordnung untergraben. Daher ist es wichtig, immer die kritischen Faktoren zu kennen, die Ihre organischen Suchergebnisse beeinflussen.<\/p>\n<p><a itemprop=\"url\" href=\"#\" target=\"_self\"  class=\"assoutf-btn assoutf-btn-small assoutf-btn-solid\" data-move=\"strict\" data-text=\"Mehr erfahren\" >\n    <span class=\"assoutf-btn-text\">Mehr erfahren<\/span>\n    <i class=\"assoutf-icon-font-awesome  \" ><\/i><\/a>[\/vc_column_text]\t\t<\/div>\n\t<\/div>\n<\/div><div class=\"assoutf-eh-item  assoutf-vertical-alignment-top   \"  data-item-class=\"assoutf-eh-custom-6190\" data-1025-1366=\"0px 0px 0px 35px\" data-769-1024=\"0px 0px 30px\" data-681-768=\"0px 0px 30px\" data-680=\"0px 0px 30px\">\n\t<div class=\"assoutf-eh-item-inner\">\n\t\t<div class=\"assoutf-eh-item-content assoutf-eh-custom-6190\" style=\"padding: 0px 0px 0px 50px\">\n\t\t\t[vc_column_text]<\/p>\n<h6>Web Analytics<\/h6>\n<p>[\/vc_column_text][vc_column_text]Analytics-Tracking ist unerl\u00e4sslich, um die Wirkung Ihrer Marketingaktionen zu messen und Ihre Ergebnisse kontinuierlich zu verbessern. Es ist die Grundlage jeder erfolgreichen Digitalstrategie.<\/p>\n<p><a itemprop=\"url\" href=\"\/de\/kontaktierten-sie-uns\/\" target=\"_self\"  class=\"assoutf-btn assoutf-btn-small assoutf-btn-solid\" data-move=\"strict\" data-text=\"Kontaktierten Sie uns\" >\n    <span class=\"assoutf-btn-text\">Kontaktierten Sie uns<\/span>\n    <i class=\"assoutf-icon-font-awesome  \" ><\/i><\/a>[\/vc_column_text]\t\t<\/div>\n\t<\/div>\n<\/div><\/div>[\/vc_column][\/vc_row]<\/p>\n","protected":false},"excerpt":{"rendered":"<p>[vc_row row_content_width=&#8220;grid&#8220;][vc_column][\/vc_column][\/vc_row][vc_row row_content_width=&#8220;grid&#8220;][vc_column width=&#8220;1\/2&#8243;][vc_empty_space][vc_empty_space][vc_empty_space][\/vc_column][vc_column width=&#8220;1\/2&#8243;][vc_column_text]F\u00fcllen Sie einfach das folgende Formular aus. Wir k\u00fcmmern uns um den Rest.[\/vc_column_text][vc_empty_space height=&#8220;35px&#8220;][\/vc_column][\/vc_row][vc_row row_content_width=&#8220;grid&#8220; css=&#8220;.vc_custom_1625707515035{padding-top: 30px !important;}&#8220;][vc_column][\/vc_column][\/vc_row][vc_row content_placement=&#8220;top&#8220; row_content_width=&#8220;grid&#8220; css=&#8220;.vc_custom_1545926961944{padding-top: 32px !important;padding-bottom: 153px !important;}&#8220;][vc_column][\/vc_column][\/vc_row]<\/p>\n","protected":false},"author":1,"featured_media":0,"parent":0,"menu_order":0,"comment_status":"closed","ping_status":"closed","template":"","meta":[],"yst_prominent_words":[],"_links":{"self":[{"href":"https:\/\/aassou.net\/de\/wp-json\/wp\/v2\/pages\/767"}],"collection":[{"href":"https:\/\/aassou.net\/de\/wp-json\/wp\/v2\/pages"}],"about":[{"href":"https:\/\/aassou.net\/de\/wp-json\/wp\/v2\/types\/page"}],"author":[{"embeddable":true,"href":"https:\/\/aassou.net\/de\/wp-json\/wp\/v2\/users\/1"}],"replies":[{"embeddable":true,"href":"https:\/\/aassou.net\/de\/wp-json\/wp\/v2\/comments?post=767"}],"version-history":[{"count":3,"href":"https:\/\/aassou.net\/de\/wp-json\/wp\/v2\/pages\/767\/revisions"}],"predecessor-version":[{"id":835,"href":"https:\/\/aassou.net\/de\/wp-json\/wp\/v2\/pages\/767\/revisions\/835"}],"wp:attachment":[{"href":"https:\/\/aassou.net\/de\/wp-json\/wp\/v2\/media?parent=767"}],"wp:term":[{"taxonomy":"yst_prominent_words","embeddable":true,"href":"https:\/\/aassou.net\/de\/wp-json\/wp\/v2\/yst_prominent_words?post=767"}],"curies":[{"name":"wp","href":"https:\/\/api.w.org\/{rel}","templated":true}]}}