{"id":785,"date":"2021-07-25T18:27:12","date_gmt":"2021-07-25T17:27:12","guid":{"rendered":"https:\/\/aassou.net\/?page_id=785"},"modified":"2021-07-25T22:05:48","modified_gmt":"2021-07-25T21:05:48","slug":"datenschutzerklaerung","status":"publish","type":"page","link":"https:\/\/aassou.net\/de\/datenschutzerklaerung\/","title":{"rendered":"Datenschutzerkl\u00e4rung"},"content":{"rendered":"<p>[vc_row row_content_width=&#8220;grid&#8220; css=&#8220;.vc_custom_1626960278610{padding-bottom: 40px !important;}&#8220; el_class=&#8220;justify-para&#8220;][vc_column]<div class=\"assoutf-section-title-holder  assoutf-st-standard assoutf-st-title-left assoutf-st-normal-space \" >\n\t<div class=\"assoutf-st-inner\">\n\t\t\t\t\t<h2 class=\"assoutf-st-title\" >\n\t\t\t\tDatenschutz\t\t\t<\/h2>\n\t\t\t\t\t<\/div>\n<\/div>[vc_column_text]<\/p>\n<h6>Datenschutzhinweis (E-Mail)<\/h6>\n<p>E-Mail-Nachrichten k\u00f6nnen privilegierte oder vertrauliche Informationen enthalten. Wenn Sie nicht der beabsichtigte Empf\u00e4nger einer Mitteilung sind oder eine solche irrt\u00fcmlich erhalten haben, benachrichtigen Sie bitte den Absender und vernichten Sie die Mitteilung, ohne sie zu kopieren oder ihren Inhalt offenzulegen.<\/p>\n<h6>Nutzungsbedingungen<\/h6>\n<p>Diese Aassou-Site wird als Service f\u00fcr Besucher bereitgestellt. Aassou beh\u00e4lt sich das Recht vor, jederzeit und ohne Angabe von Gr\u00fcnden Informationen oder Material von dieser Website zu \u00e4ndern, hinzuzuf\u00fcgen oder zu entfernen.<\/p>\n<h6>Copyright und Rechte<\/h6>\n<p>Alle Texte, Logos, Designs, Grafiken, Bilder, T\u00f6ne, Informationen, Dokumente und dergleichen (hierin als &#8222;Elemente&#8220; bezeichnet) sowie die Auswahl, Anordnung und Darstellung derselben bleiben das ausschlie\u00dfliche Eigentum von Aassou und\/oder seiner Kunden und Lieferanten und sind durch das Urheberrechtsgesetz gesch\u00fctzt. Aassou gestattet Ihnen hiermit, das auf dieser Website verf\u00fcgbare Material anzusehen, zu kopieren, herunterzuladen und auszudrucken, vorausgesetzt, dass dieses Material ausschlie\u00dflich f\u00fcr pers\u00f6nliche, nicht-kommerzielle Zwecke verwendet wird, nicht ver\u00e4ndert oder weiterverteilt wird und dass alle Urheberrechts-, Warenzeichen-, Dienstleistungsmarken- oder sonstigen Eigentumshinweise so wiedergegeben werden, wie sie in diesem Material erscheinen. Jeder, der eine Genehmigung zur Verwendung von urheberrechtlich gesch\u00fctztem Material, Dienstleistungsmarken oder Warenzeichen erhalten m\u00f6chte, muss diese beantragen.<\/p>\n<h6>Haftungsausschluss<\/h6>\n<p>Aassou wird sich nach Kr\u00e4ften bem\u00fchen, auf dieser Website g\u00fcltige Informationen bereitzustellen, kann aber nicht garantieren, dass die so bereitgestellten Materialien fehlerfrei, aktuell, korrekt oder vollst\u00e4ndig sind. ALLE AUF DIESER WEBSITE BEREITGESTELLTEN MATERIALIEN WERDEN &#8222;WIE BESEHEN&#8220; BEREITGESTELLT. IN DIESEM ZUSAMMENHANG SCHLIESST Aassou ALLE GARANTIEN, WEDER AUSDR\u00dcCKLICH NOCH STILLSCHWEIGEND, IN BEZUG AUF DIESES MATERIAL AUS. In keinem Fall haften Aassou, seine Direktoren, Mitarbeiter, Vertreter, Verk\u00e4ufer oder Lieferanten direkt oder indirekt f\u00fcr direkte oder indirekte Sch\u00e4den, Folgesch\u00e4den, Strafschadensersatz, besondere oder andere Sch\u00e4den: Daten-, Einkommens- oder Gewinnverluste, Verlust oder Besch\u00e4digung von Eigentum oder Anspr\u00fcche Dritter, die sich aus oder in Verbindung mit der Nutzung dieser Website und ihrer Inhalte oder einer anderen mit Hyperlinks versehenen Website ergeben. Verlinkung zu einer Website von Dritten Als Annehmlichkeit f\u00fcr unsere Besucher kann Aassou Hyperlinks zu anderen Websites anbieten. Solche Hyperlinks stehen nicht unter der Kontrolle von Aassou und Aassou ist nicht verantwortlich f\u00fcr den Inhalt solcher verlinkter Websites. Die Aufnahme von Hyperlinks auf die eigene Seite stellt in keiner Weise eine Billigung des Inhalts dieser Seiten dar.<\/p>\n<h6>Kommunikation mit Besuchern<\/h6>\n<p>Alle Kommentare, R\u00fcckmeldungen, Informationen oder Materialien, die Aassou \u00fcber diese Website oder in Verbindung mit dieser Website \u00fcbermittelt werden, werden als nicht vertraulich betrachtet. Durch die \u00dcbermittlung von Kommentaren, Feedback, Informationen oder Materialien an Aassou erkennen Sie an, dass Aassou den Inhalt solcher Mitteilungen uneingeschr\u00e4nkt und ohne Entsch\u00e4digung nutzen kann. Aassou akzeptiert keine unaufgeforderten Ideen, Arbeiten oder Materialien. Unter diesen Umst\u00e4nden erkennen Sie an, dass Sie allein f\u00fcr das Risiko verantwortlich sind, das bei der Verwendung von Ideen, Arbeiten oder Materialien entsteht, die Sie auf diese Weise verbreiten. Aassou verpflichtet sich zum Schutz Ihrer pers\u00f6nlichen Daten und Ihrer Privatsph\u00e4re. Wir verwenden die von Ihnen zur Verf\u00fcgung gestellten Informationen nur, um Ihre Anfragen zu erf\u00fcllen und mit Ihnen zu kommunizieren. Die pers\u00f6nlichen und vertraulichen Informationen, die Sie uns durch die Erstellung eines Profils und die Anforderung von Inhalten auf unserer Website zur Verf\u00fcgung stellen, werden ausschlie\u00dflich dazu verwendet, Ihren Besuch zu erleichtern, die von Ihnen angeforderten Inhalte zu liefern und mit Ihnen zu kommunizieren.<\/p>\n<h6>Verwendung der angeforderten Informationen<\/h6>\n<p>Um Ihnen die gew\u00fcnschten Inhalte (Dokument, Newsletter, etc.) liefern zu k\u00f6nnen und um diese st\u00e4ndig zu verbessern, ben\u00f6tigen wir bestimmte Informationen \u00fcber Sie. Ihr Name und Ihre Telefonnummer werden ben\u00f6tigt, um Sie bei Problemen mit der Lieferung der angeforderten Inhalte zu kontaktieren und auch nur f\u00fcr Werbezwecke von Aassou. Ihre E-Mail-Adresse wird f\u00fcr die Zustellung von Inhalten auf dieser Website und f\u00fcr Werbezwecke ben\u00f6tigt, sofern Sie Ihre ausdr\u00fcckliche Zustimmung erteilt haben. Wir speichern diese Informationen zu dem Zweck, dass Sie sie zeitlich unbegrenzt wieder verwenden k\u00f6nnen, um Inhalte von unserer Website anzufordern.<br \/>\nWir verwenden diese Daten auch, um die Darstellung und Organisation von aassou.net zu verbessern, insbesondere Ihr Unternehmen und Ihre Branche, um uns zu neuen Inhalten zu inspirieren oder um diese zu personalisieren. Wenn Sie unseren Newsletter oder unsere Aktionen und Informationen nicht mehr erhalten m\u00f6chten, melden Sie sich einfach ab, indem Sie auf den im monatlichen Mailing angegebenen Link klicken.<\/p>\n<h6>Schutz Ihrer vertraulichen Daten<\/h6>\n<p>Bei der Speicherung und Weitergabe der von Ihnen zur Verf\u00fcgung gestellten Informationen beachten wir strenge Sicherheitsma\u00dfnahmen, um einen unbefugten Zugriff zu verhindern. Daher kann es sein, dass wir Sie bitten, Ihre Identit\u00e4t erneut nachzuweisen, bevor wir vertrauliche Informationen an Sie weitergeben oder diese auf Ihren Wunsch hin \u00e4ndern (um einen Antrag zu stellen, schreiben Sie an info@aassou.net).<\/p>\n<h6>Cookie<\/h6>\n<p>Cookies, allgemein bekannt als Cookie, sind Informationen, die ein http-Server auf der Festplatte Ihres Computers speichert, um Sie zu identifizieren. Unsere Cookies enthalten keine vertraulichen Informationen, sondern lediglich eine Nummer, die es Aassou erm\u00f6glicht, Sie zu identifizieren und Ihnen Inhalte vorzuschlagen, die f\u00fcr Sie von Interesse sein k\u00f6nnten und Ihren Besuch angenehmer und benutzerfreundlicher gestalten. Die meisten Browser akzeptieren Cookies automatisch. Sie k\u00f6nnen sie jedoch ablehnen, indem Sie &#8222;Ihre Einstellungen&#8220; auf Ihrem Computer \u00e4ndern. Auch ohne Cookies haben Sie Zugriff auf die meisten Angebote auf unserer Seite und k\u00f6nnen Ihre Bestellungen aufgeben.<\/p>\n<h6>Weitergabe Ihrer Daten an Dritte<\/h6>\n<p>Um Ihnen ein H\u00f6chstma\u00df an Vertraulichkeit zuzusichern, wird Aassou keine Informationen \u00fcber Sie an Dritte weitergeben oder vermarkten, es sei denn, dies geschieht aufgrund von rechtlichem Zwang (durch gerichtliche Zeugenaussage, Vernehmung, Anforderung von Dokumenten, Vorladung, Antrag auf zivilrechtliche Untersuchung oder \u00e4hnliches Verfahren aufgrund einer Anordnung eines zust\u00e4ndigen Gerichts oder zur Erf\u00fcllung geltender Anforderungen, die von einer Regierungsbeh\u00f6rde oder einer anderen Aufsichtsbeh\u00f6rde auferlegt werden, oder aufgrund anderer rechtlicher Verpflichtungen).<\/p>\n<h6>\u00c4ndern Sie Ihre Daten<\/h6>\n<p>Sie k\u00f6nnen jederzeit Ihre vertraulichen Daten einsehen, \u00e4ndern oder deren L\u00f6schung beantragen, indem Sie uns unter info@aassou.net kontaktieren. Aassou beh\u00e4lt sich das Recht vor, seine Datenschutzbestimmungen jederzeit zu \u00e4ndern. Wenn wir dies tun, werden wir alle betroffenen Personen benachrichtigen. Newsletter abbestellen Das Aassou-Team bedankt sich f\u00fcr Ihr Vertrauen und steht Ihnen bei Fragen gerne zur Verf\u00fcgung.[\/vc_column_text][\/vc_column][\/vc_row]<\/p>\n","protected":false},"excerpt":{"rendered":"<p>[vc_row row_content_width=&#8220;grid&#8220; css=&#8220;.vc_custom_1626960278610{padding-bottom: 40px !important;}&#8220; el_class=&#8220;justify-para&#8220;][vc_column][vc_column_text] Datenschutzhinweis (E-Mail) E-Mail-Nachrichten k\u00f6nnen privilegierte oder vertrauliche Informationen enthalten. Wenn Sie nicht der beabsichtigte Empf\u00e4nger einer Mitteilung sind oder eine solche irrt\u00fcmlich erhalten haben, benachrichtigen Sie bitte den Absender und vernichten Sie die Mitteilung, [&hellip;]<\/p>\n","protected":false},"author":1,"featured_media":0,"parent":0,"menu_order":0,"comment_status":"closed","ping_status":"open","template":"","meta":[],"yst_prominent_words":[],"_links":{"self":[{"href":"https:\/\/aassou.net\/de\/wp-json\/wp\/v2\/pages\/785"}],"collection":[{"href":"https:\/\/aassou.net\/de\/wp-json\/wp\/v2\/pages"}],"about":[{"href":"https:\/\/aassou.net\/de\/wp-json\/wp\/v2\/types\/page"}],"author":[{"embeddable":true,"href":"https:\/\/aassou.net\/de\/wp-json\/wp\/v2\/users\/1"}],"replies":[{"embeddable":true,"href":"https:\/\/aassou.net\/de\/wp-json\/wp\/v2\/comments?post=785"}],"version-history":[{"count":4,"href":"https:\/\/aassou.net\/de\/wp-json\/wp\/v2\/pages\/785\/revisions"}],"predecessor-version":[{"id":795,"href":"https:\/\/aassou.net\/de\/wp-json\/wp\/v2\/pages\/785\/revisions\/795"}],"wp:attachment":[{"href":"https:\/\/aassou.net\/de\/wp-json\/wp\/v2\/media?parent=785"}],"wp:term":[{"taxonomy":"yst_prominent_words","embeddable":true,"href":"https:\/\/aassou.net\/de\/wp-json\/wp\/v2\/yst_prominent_words?post=785"}],"curies":[{"name":"wp","href":"https:\/\/api.w.org\/{rel}","templated":true}]}}