{"id":866,"date":"2021-07-30T07:58:14","date_gmt":"2021-07-30T06:58:14","guid":{"rendered":"https:\/\/aassou.net\/?page_id=866"},"modified":"2022-11-04T16:31:29","modified_gmt":"2022-11-04T15:31:29","slug":"agentur-fuer-webentwicklung-webdesign-agadir","status":"publish","type":"page","link":"https:\/\/aassou.net\/de\/agentur-fuer-webentwicklung-webdesign-agadir\/","title":{"rendered":"Agentur f\u00fcr Webentwicklung &#038; Webdesign Agadir"},"content":{"rendered":"<p>[vc_row row_content_width=&#8220;grid&#8220;][vc_column]<div class=\"assoutf-elements-holder   assoutf-one-column  assoutf-responsive-mode-768 \" ><div class=\"assoutf-eh-item     \"  data-item-class=\"assoutf-eh-custom-7922\">\n\t<div class=\"assoutf-eh-item-inner\">\n\t\t<div class=\"assoutf-eh-item-content assoutf-eh-custom-7922\" style=\"padding: 0px 0px\">\n\t\t\t<div class=\"assoutf-section-title-holder  assoutf-st-standard assoutf-st-title-left assoutf-st-normal-space assoutf-st-disable-title-break\" >\n\t<div class=\"assoutf-st-inner\">\n\t\t\t\t\t<h1 class=\"assoutf-st-title\" >\n\t\t\t\tWebentwicklung und Webdesign<br \/>\t\t\t<\/h1>\n\t\t\t\t\t<\/div>\n<\/div>\t\t<\/div>\n\t<\/div>\n<\/div><\/div>[\/vc_column][\/vc_row][vc_row row_content_width=&#8220;grid&#8220;][vc_column width=&#8220;1\/3&#8243;]<div class=\"assoutf-number-with-text-holder justify-para\">\n    <span class=\"assoutf-nwt-number\">01<\/span>\n\t<div class=\"assoutf-nwt-text-holder\">\n\t\t\t\t<h5 class=\"assoutf-nwt-title\" >Kunden begeistern<\/h5>\n\t\t\t\t<p class=\"assoutf-nwt-text\">Das behaupten viele Agenturen. Wir beweisen es Ihnen: Unsere Reportings sind klarer und reichen weiter. Das Kunden-Feedback holen wir uns h\u00e4ufiger.<\/p>\n\t<\/div>\n<\/div>[vc_empty_space][\/vc_column][vc_column width=&#8220;1\/3&#8243;]<div class=\"assoutf-number-with-text-holder justify-para\">\n    <span class=\"assoutf-nwt-number\">02<\/span>\n\t<div class=\"assoutf-nwt-text-holder\">\n\t\t\t\t<h5 class=\"assoutf-nwt-title\" >Cr\u00e9ation de site web sur-mesure<\/h5>\n\t\t\t\t<p class=\"assoutf-nwt-text\">Que vous soyez une petite ou une grosse entreprise, nous saurons nous adapter et vous proposer une solution appropri\u00e9e. La transparence faisant partie de nos valeurs, nous vous expliquerons comment nous calculons nos prix et la mani\u00e8re dont nous allons cr\u00e9er un site \u00e0 votre image. Vous pourrez \u00e9galement participer dans la cr\u00e9ation de votre site web si vous le d\u00e9sirez.<\/p>\n\t<\/div>\n<\/div>[vc_empty_space][\/vc_column][vc_column width=&#8220;1\/3&#8243;]<div class=\"assoutf-number-with-text-holder justify-para\">\n    <span class=\"assoutf-nwt-number\">03<\/span>\n\t<div class=\"assoutf-nwt-text-holder\">\n\t\t\t\t<h5 class=\"assoutf-nwt-title\" >Conception web optimis\u00e9e pour le seo<\/h5>\n\t\t\t\t<p class=\"assoutf-nwt-text\">Une des raisons pour lesquelles nos clients d\u00e9cident de nous confier la conception de leur site web est que nous sommes \u00e9galement une agence SEO. Par cons\u00e9quent, nous nous assurons que votre site r\u00e9ponde aux normes de Google (temps de chargement, s\u00e9curit\u00e9, codage, exp\u00e9rience utilisateur etc.) afin de vous permettre de conserver ou augmenter votre trafic provenant des engins de recherche.<\/p>\n\t<\/div>\n<\/div>[vc_empty_space][\/vc_column][\/vc_row][vc_row row_content_width=&#8220;grid&#8220;][vc_column]<div class=\"assoutf-elements-holder   assoutf-one-column  assoutf-responsive-mode-768 \" ><div class=\"assoutf-eh-item     \"  data-item-class=\"assoutf-eh-custom-1466\">\n\t<div class=\"assoutf-eh-item-inner\">\n\t\t<div class=\"assoutf-eh-item-content assoutf-eh-custom-1466\" style=\"padding: 0px 0px\">\n\t\t\t<div class=\"assoutf-section-title-holder  assoutf-st-standard assoutf-st-title-left assoutf-st-normal-space assoutf-st-disable-title-break\" >\n\t<div class=\"assoutf-st-inner\">\n\t\t\t\t\t<h1 class=\"assoutf-st-title\" >\n\t\t\t\tLes services de<br \/> conception de site web\t\t\t<\/h1>\n\t\t\t\t\t<\/div>\n<\/div>\t\t<\/div>\n\t<\/div>\n<\/div><\/div>[\/vc_column][\/vc_row][vc_row content_placement=&#8220;top&#8220; row_content_width=&#8220;grid&#8220; css=&#8220;.vc_custom_1625852374802{padding-top: 32px !important;}&#8220;][vc_column]<div class=\"assoutf-elements-holder   assoutf-three-columns  assoutf-responsive-mode-1024 \" ><div class=\"assoutf-eh-item  assoutf-vertical-alignment-top   \"  data-item-class=\"assoutf-eh-custom-3040\" data-1025-1366=\"0px 35px 0px 0px\" data-769-1024=\"0px 0px 30px\" data-681-768=\"0px 0px 30px\" data-680=\"0px 0px 30px\">\n\t<div class=\"assoutf-eh-item-inner\">\n\t\t<div class=\"assoutf-eh-item-content assoutf-eh-custom-3040\" style=\"padding: 0px 50px 0px 0px\">\n\t\t\t[vc_column_text]<\/p>\n<h6>Cr\u00e9ation d&#8217;un nouveau site web<\/h6>\n<p>[\/vc_column_text][vc_column_text]Aassou con\u00e7oit et r\u00e9alise des applications Web \u00e0 fa\u00e7on en ad\u00e9quation avec votre besoin. Nous nous appuyons sur une d\u00e9marche de g\u00e9nie logicielle \u00e9prouv\u00e9e pour comprendre et appr\u00e9hender vos sp\u00e9cificit\u00e9s afin de nous engager sur la conception et la r\u00e9alisation de votre projet dans un cadre forfaitaire.<\/p>\n<p><a itemprop=\"url\" href=\"\/contactez-nous\/\" target=\"_self\" style=\"color: #ffffff;background-color: #fa7d19;margin: 32px 0 0 0\" class=\"assoutf-btn assoutf-btn-medium assoutf-btn-small assoutf-btn-custom-hover-bg assoutf-btn-custom-hover-color assoutf-btn-icon\" data-move=\"strict\" data-hover-color=\"#27292e\" data-hover-bg-color=\"#ffffff\" data-text=\"Nous joindre\" >\n    <span class=\"assoutf-btn-text\">Nous joindre<\/span>\n    <i class=\"assoutf-icon-font-awesome fa fa-long-arrow-right \" ><\/i><\/a>[\/vc_column_text]\t\t<\/div>\n\t<\/div>\n<\/div><div class=\"assoutf-eh-item  assoutf-vertical-alignment-top   \"  data-item-class=\"assoutf-eh-custom-7514\" data-1025-1366=\"0px 0px 0px 50px\" data-769-1024=\"0px\" data-681-768=\"0px\" data-680=\"0px\">\n\t<div class=\"assoutf-eh-item-inner\">\n\t\t<div class=\"assoutf-eh-item-content assoutf-eh-custom-7514\" style=\"padding: 0px 0px 0px 50px\">\n\t\t\t[vc_column_text]<\/p>\n<h6>Cr\u00e9ation d&#8217;un site vitrine<\/h6>\n<p>[\/vc_column_text][vc_column_text]Vous souhaitez cr\u00e9er un site Web pour promouvoir votre offre de services? Il s\u2019agit donc de concevoir un site \u00ab vitrine \u00bb qui va pr\u00e9senter votre entreprise, son histoire, sa vision, les diff\u00e9rents services que vous avez \u00e0 offrir et la mani\u00e8re dont vous vous d\u00e9marquez de vos comp\u00e9titeurs. Bien qu\u2019informationnel, le but du site Web est de g\u00e9n\u00e9rer des prises de contact qualifi\u00e9es. Nous allons donc nous assurer que votre site transmette le bon message \u00e0 la bonne audience et que vos visiteurs r\u00e9alisent exactement les actions que vous attendez d\u2019eux une fois qu\u2019ils visitent votre site. Notre objectif est de transformer votre site en v\u00e9ritable outil de vente !<\/p>\n<p><a itemprop=\"url\" href=\"\/sites-vitrine-sur-mesure\/\" target=\"_self\" style=\"color: #ffffff;background-color: #fa7d19;margin: 32px 0 0 0\" class=\"assoutf-btn assoutf-btn-small assoutf-btn-solid assoutf-btn-custom-hover-bg assoutf-btn-custom-hover-color assoutf-btn-icon\" data-move=\"strict\" data-hover-color=\"#27292e\" data-hover-bg-color=\"#ffffff\" data-text=\"En savoir davantage\" >\n    <span class=\"assoutf-btn-text\">En savoir davantage<\/span>\n    <i class=\"assoutf-icon-font-awesome fa fa-long-arrow-right \" ><\/i><\/a>[\/vc_column_text]\t\t<\/div>\n\t<\/div>\n<\/div><\/div>[\/vc_column][\/vc_row][vc_row content_placement=&#8220;top&#8220; row_content_width=&#8220;grid&#8220; css=&#8220;.vc_custom_1625852374802{padding-top: 32px !important;}&#8220;][vc_column]<div class=\"assoutf-elements-holder   assoutf-three-columns  assoutf-responsive-mode-1024 \" ><div class=\"assoutf-eh-item  assoutf-vertical-alignment-top   \"  data-item-class=\"assoutf-eh-custom-2380\" data-1025-1366=\"0px 35px 0px 0px\" data-769-1024=\"0px 0px 30px\" data-681-768=\"0px 0px 30px\" data-680=\"0px 0px 30px\">\n\t<div class=\"assoutf-eh-item-inner\">\n\t\t<div class=\"assoutf-eh-item-content assoutf-eh-custom-2380\" style=\"padding: 0px 50px 0px 0px\">\n\t\t\t[vc_column_text]<\/p>\n<h6>Refonte d&#8217;un site web existant<\/h6>\n<p>[\/vc_column_text][vc_column_text]Il est important que votre site web soit constamment \u00e0 jour car il repr\u00e9sente souvent le premier point de contact entre vous et vos clients potentiels. L\u2019exp\u00e9rience que vous offrez \u00e0 vos visiteurs doit donc \u00eatre optimis\u00e9e pour favoriser la prise de contact ou l\u2019acte d\u2019achat.<\/p>\n<p>L\u2019exp\u00e9rience utilisateur d\u2019un site web est \u00e9galement un des facteurs les plus importants en termes de <a title=\"Etre visible sur Google\" href=\"\/referencement-naturel-seo\/\">r\u00e9f\u00e9rencement (SEO)<\/a>. En effet, Google va privil\u00e9gier les sites internet offrant la meilleure exp\u00e9rience utilisateur en leur offrant un meilleur positionnement dans ses r\u00e9sultats de recherche. Le fait de faire une refonte de votre site avec notre \u00e9quipe de d\u00e9veloppeurs et d\u2019experts en exp\u00e9rience utilisateur va donc vous permettre non seulement de profiter des derni\u00e8res technologies mais \u00e9galement de gagner en positionnement dans les r\u00e9sultats de recherche !<\/p>\n<p>Nous prenons en charge toutes les \u00e9tapes de conception d&#8217;un site internet :<\/p>\n<ul>\n<li>Analyse<\/li>\n<li><i class=\"icon-check-1\"><\/i>Strat\u00e9gie<\/li>\n<li><i class=\"icon-check-1\"><\/i>Conception visuelle<\/li>\n<li><i class=\"icon-check-1\"><\/i>Programmation<\/li>\n<li><i class=\"icon-check-1\"><\/i>Int\u00e9gration<\/li>\n<li><i class=\"icon-check-1\"><\/i>Tests<\/li>\n<li><i class=\"icon-check-1\"><\/i>Mise en ligne<\/li>\n<li><i class=\"icon-check-1\"><\/i>Optimisation de votre site<\/li>\n<\/ul>\n<p><a itemprop=\"url\" href=\"\/contactez-nous\/\" target=\"_self\" style=\"color: #ffffff;background-color: #fa7d19;margin: 32px 0 0 0\" class=\"assoutf-btn assoutf-btn-small assoutf-btn-solid assoutf-btn-custom-hover-bg assoutf-btn-custom-hover-color assoutf-btn-icon\" data-move=\"strict\" data-hover-color=\"#27292e\" data-hover-bg-color=\"#ffffff\" data-text=\"Nous joindre\" >\n    <span class=\"assoutf-btn-text\">Nous joindre<\/span>\n    <i class=\"assoutf-icon-font-awesome fa fa-long-arrow-right \" ><\/i><\/a>[\/vc_column_text]\t\t<\/div>\n\t<\/div>\n<\/div><div class=\"assoutf-eh-item  assoutf-vertical-alignment-top   \"  data-item-class=\"assoutf-eh-custom-4779\" data-1025-1366=\"0px 0px 0px 50px\" data-769-1024=\"0px\" data-681-768=\"0px\" data-680=\"0px\">\n\t<div class=\"assoutf-eh-item-inner\">\n\t\t<div class=\"assoutf-eh-item-content assoutf-eh-custom-4779\" style=\"padding: 0px 0px 0px 50px\">\n\t\t\t[vc_column_text]<\/p>\n<h6>Conception d&#8217;une boutique en ligne<\/h6>\n<p>[\/vc_column_text][vc_column_text]Pour lancer votre activit\u00e9 commerciale et s\u2019offrir un nouveau canal de vente B2B et B2C sans effort et sans connaissances techniques, Aassou est votre sp\u00e9cialiste pour la cr\u00e9ation des boutiques en ligne.<\/p>\n<p>Nous r\u00e9pondons \u00e0 vos besoins et vos objectifs de vente sur le web avec la conception de sites e-commerce traduisant les demandes essentielles attendues par vos clients et leur pr\u00e9sentant une exp\u00e9rience d\u2019achat sans pareil via des plateformes de paiement s\u00e9curis\u00e9es.<\/p>\n<p>Un design accrocheur, une navigation simple et claire et une interface intuitive et r\u00e9duite \u00e0 l\u2019essentiel sont nos points forts dans la cr\u00e9ation de site boutique en ligne et ce gr\u00e2ce aux deux solutions les plus r\u00e9pandues du moment.<\/p>\n<p>Toutes vos fiches produits cr\u00e9\u00e9es ou\/et stock\u00e9es sont optimis\u00e9es automatiquement pour garantir un r\u00e9f\u00e9rencement naturel de votre boutique en ligne dans les meilleurs moteurs de recherche (Google, Bing, Yahoo,..) et plus de 100 outils de recherches.<br \/>\nL&#8217;administration de votre boutique en ligne sera de fa\u00e7on autonome avec un accompagnement et un soutien technique complet.<\/p>\n<p><a itemprop=\"url\" href=\"\/boutique-en-ligne-e-commerce\/\" target=\"_self\" style=\"color: #ffffff;background-color: #fa7d19;margin: 32px 0 0 0\" class=\"assoutf-btn assoutf-btn-small assoutf-btn-solid assoutf-btn-custom-hover-bg assoutf-btn-custom-hover-color assoutf-btn-icon\" data-move=\"strict\" data-hover-color=\"#27292e\" data-hover-bg-color=\"#ffffff\" data-text=\"En savoir +\" >\n    <span class=\"assoutf-btn-text\">En savoir +<\/span>\n    <i class=\"assoutf-icon-font-awesome fa fa-long-arrow-right \" ><\/i><\/a>[\/vc_column_text]\t\t<\/div>\n\t<\/div>\n<\/div><\/div>[vc_empty_space height=&#8220;128px&#8220;][\/vc_column][\/vc_row]<\/p>\n","protected":false},"excerpt":{"rendered":"<p>[vc_row row_content_width=&#8220;grid&#8220;][vc_column][\/vc_column][\/vc_row][vc_row row_content_width=&#8220;grid&#8220;][vc_column width=&#8220;1\/3&#8243;][vc_empty_space][\/vc_column][vc_column width=&#8220;1\/3&#8243;][vc_empty_space][\/vc_column][vc_column width=&#8220;1\/3&#8243;][vc_empty_space][\/vc_column][\/vc_row][vc_row row_content_width=&#8220;grid&#8220;][vc_column][\/vc_column][\/vc_row][vc_row content_placement=&#8220;top&#8220; row_content_width=&#8220;grid&#8220; css=&#8220;.vc_custom_1625852374802{padding-top: 32px !important;}&#8220;][vc_column][\/vc_column][\/vc_row][vc_row content_placement=&#8220;top&#8220; row_content_width=&#8220;grid&#8220; css=&#8220;.vc_custom_1625852374802{padding-top: 32px !important;}&#8220;][vc_column][vc_empty_space height=&#8220;128px&#8220;][\/vc_column][\/vc_row]<\/p>\n","protected":false},"author":1,"featured_media":0,"parent":0,"menu_order":0,"comment_status":"closed","ping_status":"closed","template":"","meta":[],"yst_prominent_words":[],"_links":{"self":[{"href":"https:\/\/aassou.net\/de\/wp-json\/wp\/v2\/pages\/866"}],"collection":[{"href":"https:\/\/aassou.net\/de\/wp-json\/wp\/v2\/pages"}],"about":[{"href":"https:\/\/aassou.net\/de\/wp-json\/wp\/v2\/types\/page"}],"author":[{"embeddable":true,"href":"https:\/\/aassou.net\/de\/wp-json\/wp\/v2\/users\/1"}],"replies":[{"embeddable":true,"href":"https:\/\/aassou.net\/de\/wp-json\/wp\/v2\/comments?post=866"}],"version-history":[{"count":2,"href":"https:\/\/aassou.net\/de\/wp-json\/wp\/v2\/pages\/866\/revisions"}],"predecessor-version":[{"id":892,"href":"https:\/\/aassou.net\/de\/wp-json\/wp\/v2\/pages\/866\/revisions\/892"}],"wp:attachment":[{"href":"https:\/\/aassou.net\/de\/wp-json\/wp\/v2\/media?parent=866"}],"wp:term":[{"taxonomy":"yst_prominent_words","embeddable":true,"href":"https:\/\/aassou.net\/de\/wp-json\/wp\/v2\/yst_prominent_words?post=866"}],"curies":[{"name":"wp","href":"https:\/\/api.w.org\/{rel}","templated":true}]}}