{"id":663,"date":"2021-07-22T23:46:26","date_gmt":"2021-07-22T22:46:26","guid":{"rendered":"https:\/\/aassou.net\/?page_id=663"},"modified":"2022-11-04T16:37:45","modified_gmt":"2022-11-04T15:37:45","slug":"local-seo-agency","status":"publish","type":"page","link":"https:\/\/aassou.net\/en\/local-seo-agency\/","title":{"rendered":"Local SEO Agency"},"content":{"rendered":"<p>[vc_row row_content_width=&#8221;grid&#8221;][vc_column]<div class=\"assoutf-elements-holder   assoutf-one-column  assoutf-responsive-mode-768 \" ><div class=\"assoutf-eh-item     \"  data-item-class=\"assoutf-eh-custom-6652\">\n\t<div class=\"assoutf-eh-item-inner\">\n\t\t<div class=\"assoutf-eh-item-content assoutf-eh-custom-6652\" style=\"padding: 0px 0px\">\n\t\t\t<div class=\"assoutf-section-title-holder  assoutf-st-standard assoutf-st-title-left assoutf-st-normal-space \" >\n\t<div class=\"assoutf-st-inner\">\n\t\t\t\t\t<h2 class=\"assoutf-st-title\" >\n\t\t\t\tWhy choose Aassou for local SEO ?\t\t\t<\/h2>\n\t\t\t\t\t<\/div>\n<\/div>\t\t<\/div>\n\t<\/div>\n<\/div><\/div>[vc_column_text]There is a common misconception that a content strategy is less important when working with local customers. This is not true! It is always beneficial to boost your local SEO.<br \/>\nIt will have a positive impact on your business and therefore your turnover.<br \/>\nIn order for your local SEO strategy to run perfectly, you need to consider both natural referencing and geolocation. [\/vc_column_text][\/vc_column][\/vc_row][vc_row row_content_width=&#8221;grid&#8221; css=&#8221;.vc_custom_1626089196326{padding-bottom: 32px !important;}&#8221;][vc_column]<div class=\"assoutf-section-title-holder  assoutf-st-standard assoutf-st-title-left assoutf-st-normal-space \" >\n\t<div class=\"assoutf-st-inner\">\n\t\t\t\t\t<h2 class=\"assoutf-st-title\" >\n\t\t\t\tEffective local SEO in<br \/> 3 steps\t\t\t<\/h2>\n\t\t\t\t\t<\/div>\n<\/div>[vc_empty_space el_class=&#8221;empty-space-mobile-hide&#8221;][\/vc_column][\/vc_row][vc_row row_content_width=&#8221;grid&#8221;][vc_column width=&#8221;1\/2&#8243;]<div class=\"assoutf-number-with-text-holder \">\n    <span class=\"assoutf-nwt-number\">01<\/span>\n\t<div class=\"assoutf-nwt-text-holder\">\n\t\t\t\t<h5 class=\"assoutf-nwt-title\" >Auditing your local SEO<\/h5>\n\t\t\t\t<p class=\"assoutf-nwt-text\">We will analyze your website and make a list of the points to improve. Our approach focuses on openness and transparency. We want to make sure that you understand what we do so that you can properly determine the quality of our work. Our local SEO audits are exhaustive and explain each point to you in detail.<\/p>\n\t<\/div>\n<\/div>[vc_empty_space]<div class=\"assoutf-number-with-text-holder \">\n    <span class=\"assoutf-nwt-number\">02<\/span>\n\t<div class=\"assoutf-nwt-text-holder\">\n\t\t\t\t<h5 class=\"assoutf-nwt-title\" >La mise en place des recommandations<\/h5>\n\t\t\t\t<p class=\"assoutf-nwt-text\">Nous allons corriger ce qui fait d\u00e9faut \u00e0 votre site Web (organisation du contenu, optimisation des titres de vos pages, insertion des mots cl\u00e9s strat\u00e9giques etc.)<\/p>\n\t<\/div>\n<\/div>[vc_empty_space]<div class=\"assoutf-number-with-text-holder \">\n    <span class=\"assoutf-nwt-number\">03<\/span>\n\t<div class=\"assoutf-nwt-text-holder\">\n\t\t\t\t<h5 class=\"assoutf-nwt-title\" >Analyse des r\u00e9sultats<\/h5>\n\t\t\t\t<p class=\"assoutf-nwt-text\">Nous allons vous envoyer un rapport de performance qui vous donnera le d\u00e9tail des diff\u00e9rentes actions que nous avons men\u00e9es pour am\u00e9liorer votre r\u00e9f\u00e9rencement local.<\/p>\n\t<\/div>\n<\/div>[vc_empty_space][\/vc_column][vc_column width=&#8221;1\/2&#8243;][vc_column_text]<strong>Remplissez ce formulaire, on s\u2019occupe de votre boutique en ligne !<\/strong>[\/vc_column_text][vc_empty_space height=&#8221;35px&#8221;]<div class=\"wpcf7 no-js\" id=\"wpcf7-f4-o1\" lang=\"fr-FR\" dir=\"ltr\">\n<div class=\"screen-reader-response\"><p role=\"status\" aria-live=\"polite\" aria-atomic=\"true\"><\/p> <ul><\/ul><\/div>\n<form action=\"\/en\/wp-json\/wp\/v2\/pages\/663#wpcf7-f4-o1\" method=\"post\" class=\"wpcf7-form init\" aria-label=\"Formulaire de contact\" novalidate=\"novalidate\" data-status=\"init\">\n<div style=\"display: none;\">\n<input type=\"hidden\" name=\"_wpcf7\" value=\"4\" \/>\n<input type=\"hidden\" name=\"_wpcf7_version\" value=\"5.7.2\" \/>\n<input type=\"hidden\" name=\"_wpcf7_locale\" value=\"fr_FR\" \/>\n<input type=\"hidden\" name=\"_wpcf7_unit_tag\" value=\"wpcf7-f4-o1\" \/>\n<input type=\"hidden\" name=\"_wpcf7_container_post\" value=\"0\" \/>\n<input type=\"hidden\" name=\"_wpcf7_posted_data_hash\" value=\"\" \/>\n<\/div>\n<div>\n\t<p><span class=\"wpcf7-form-control-wrap\" data-name=\"your-name\"><input size=\"40\" class=\"wpcf7-form-control wpcf7-text wpcf7-validates-as-required\" aria-required=\"true\" aria-invalid=\"false\" placeholder=\"First and last name *\" value=\"\" type=\"text\" name=\"your-name\" \/><\/span>\n\t<\/p>\n<\/div>\n<div>\n\t<p><span class=\"wpcf7-form-control-wrap\" data-name=\"your-email\"><input size=\"40\" class=\"wpcf7-form-control wpcf7-text wpcf7-email wpcf7-validates-as-required wpcf7-validates-as-email\" aria-required=\"true\" aria-invalid=\"false\" placeholder=\"Email *\" value=\"\" type=\"email\" name=\"your-email\" \/><\/span>\n\t<\/p>\n<\/div>\n<div>\n\t<p>What is your need?\n\t<\/p>\n<\/div>\n<div>\n\t<p><span class=\"wpcf7-form-control-wrap\" data-name=\"conception\"><span class=\"wpcf7-form-control wpcf7-checkbox\"><span class=\"wpcf7-list-item first last\"><input type=\"checkbox\" name=\"conception[]\" value=\"Web design\" tabindex=\"\" \/><span class=\"wpcf7-list-item-label\">Web design<\/span><\/span><\/span><\/span>\n\t<\/p>\n<\/div>\n<div>\n\t<p><span class=\"wpcf7-form-control-wrap\" data-name=\"referencement\"><span class=\"wpcf7-form-control wpcf7-checkbox\"><span class=\"wpcf7-list-item first last\"><input type=\"checkbox\" name=\"referencement[]\" value=\"SEO\" tabindex=\"\" \/><span class=\"wpcf7-list-item-label\">SEO<\/span><\/span><\/span><\/span>\n\t<\/p>\n<\/div>\n<div>\n\t<p><span class=\"wpcf7-form-control-wrap\" data-name=\"autres\"><span class=\"wpcf7-form-control wpcf7-checkbox\"><span class=\"wpcf7-list-item first last\"><input type=\"checkbox\" name=\"autres[]\" value=\"Other\" tabindex=\"\" \/><span class=\"wpcf7-list-item-label\">Other<\/span><\/span><\/span><\/span>\n\t<\/p>\n<\/div>\n<div class=\"vc_empty_space\" style=\"height: 35px\">\n\t<p><span class=\"vc_empty_space_inner\"><\/span>\n\t<\/p>\n<\/div>\n<div>\n\t<p><span class=\"wpcf7-form-control-wrap\" data-name=\"your-message\"><textarea cols=\"40\" rows=\"1\" class=\"wpcf7-form-control wpcf7-textarea\" aria-invalid=\"false\" placeholder=\"Tell us about your project\" name=\"your-message\"><\/textarea><\/span>\n\t<\/p>\n<\/div>\n<div>\n\t<p><span class=\"wpcf7-form-control-wrap\" data-name=\"privacy\"><span class=\"wpcf7-form-control wpcf7-acceptance\"><span class=\"wpcf7-list-item\"><input type=\"checkbox\" name=\"privacy\" value=\"1\" aria-invalid=\"false\" \/><\/span><\/span><\/span> I accept the terms and conditions of the <a class=\"dotted-border-bottom\" href=\"\/en\/privacy-policy\/\" target=\"_blank\"> privacy policy *<\/a>\n\t<\/p>\n<\/div>\n<div class=\"vc_empty_space\" style=\"height: 20px\">\n\t<p><span class=\"vc_empty_space_inner\"><\/span>\n\t<\/p>\n<\/div>\n<div>\n\t<p><button class=\"wpcf7-form-control wpcf7-submit assoutf-btn assoutf-btn-medium assoutf-btn-solid\" type=\"submit\"  data-text=\"Boost my internet presence\"><span class=\"assoutf-btn-text\">Boost my internet presence<\/span><\/button>\n\t<\/p>\n<\/div><div class=\"wpcf7-response-output\" aria-hidden=\"true\"><\/div><\/form><\/div>\r\n\t\t\t\t<script>\r\n\t\t\t\tif ( typeof huOptions !== 'undefined' ) {\r\n\t\t\t\t\tvar huFormData = {\"source\":\"contactform7\",\"id\":4,\"title\":\"Contact us\",\"fields\":{\"subject\":{\"first_name\":\"your-name\",\"email\":\"your-email\"},\"preferences\":{\"terms\":\"your-consent\"}}};\r\n\t\t\t\t\tvar huFormNode = document.querySelector( '[id^=\"wpcf7-f4-\"] form' );\r\n\r\n\t\t\t\t\thuFormData['node'] = huFormNode;\r\n\t\t\t\t\thuOptions['forms'].push( huFormData );\r\n\t\t\t\t}\r\n\t\t\t\t<\/script>[\/vc_column][\/vc_row][vc_row][vc_column][vc_empty_space height=&#8221;128px&#8221;][\/vc_column][\/vc_row]<\/p>\n","protected":false},"excerpt":{"rendered":"<p>[vc_row row_content_width=&#8221;grid&#8221;][vc_column][vc_column_text]There is a common misconception that a content strategy is less important when working with local customers. This is not true! It is always beneficial to boost your local SEO. It will have a positive impact on your business [&hellip;]<\/p>\n","protected":false},"author":1,"featured_media":0,"parent":0,"menu_order":0,"comment_status":"closed","ping_status":"closed","template":"","meta":[],"yst_prominent_words":[],"_links":{"self":[{"href":"https:\/\/aassou.net\/en\/wp-json\/wp\/v2\/pages\/663"}],"collection":[{"href":"https:\/\/aassou.net\/en\/wp-json\/wp\/v2\/pages"}],"about":[{"href":"https:\/\/aassou.net\/en\/wp-json\/wp\/v2\/types\/page"}],"author":[{"embeddable":true,"href":"https:\/\/aassou.net\/en\/wp-json\/wp\/v2\/users\/1"}],"replies":[{"embeddable":true,"href":"https:\/\/aassou.net\/en\/wp-json\/wp\/v2\/comments?post=663"}],"version-history":[{"count":1,"href":"https:\/\/aassou.net\/en\/wp-json\/wp\/v2\/pages\/663\/revisions"}],"predecessor-version":[{"id":898,"href":"https:\/\/aassou.net\/en\/wp-json\/wp\/v2\/pages\/663\/revisions\/898"}],"wp:attachment":[{"href":"https:\/\/aassou.net\/en\/wp-json\/wp\/v2\/media?parent=663"}],"wp:term":[{"taxonomy":"yst_prominent_words","embeddable":true,"href":"https:\/\/aassou.net\/en\/wp-json\/wp\/v2\/yst_prominent_words?post=663"}],"curies":[{"name":"wp","href":"https:\/\/api.w.org\/{rel}","templated":true}]}}